{"id":1897,"date":"2017-09-06T20:51:35","date_gmt":"2017-09-07T00:51:35","guid":{"rendered":"http:\/\/parkinson.ca\/about-us-fr\/fr-financial-reports\/"},"modified":"2024-07-04T11:44:35","modified_gmt":"2024-07-04T15:44:35","slug":"fr-financial-reports","status":"publish","type":"page","link":"https:\/\/archiveparkinson.thedev.ca\/fr\/about-us-fr\/fr-financial-reports\/","title":{"rendered":"Rapports financiers"},"content":{"rendered":"<div class=\"well\">\n<h2 class=\"bot-mar-1em\" style=\"margin-top: 0;\">Votre impact en 2023<\/h2>\n<div class=\"row\">\n<div class=\"col-md-6\">\n<figure><figcaption><img loading=\"lazy\" class=\"wp-image-42818 alignleft\" src=\"https:\/\/archiveparkinson.thedev.ca\/wp-content\/uploads\/FR-Impact-Video-Thumbnail.png\" alt=\"\" width=\"600\" height=\"338\" srcset=\"https:\/\/archiveparkinson.thedev.ca\/wp-content\/uploads\/FR-Impact-Video-Thumbnail.png 1280w, https:\/\/archiveparkinson.thedev.ca\/wp-content\/uploads\/FR-Impact-Video-Thumbnail-300x169.png 300w, https:\/\/archiveparkinson.thedev.ca\/wp-content\/uploads\/FR-Impact-Video-Thumbnail-700x394.png 700w, https:\/\/archiveparkinson.thedev.ca\/wp-content\/uploads\/FR-Impact-Video-Thumbnail-150x84.png 150w, https:\/\/archiveparkinson.thedev.ca\/wp-content\/uploads\/FR-Impact-Video-Thumbnail-768x432.png 768w, https:\/\/archiveparkinson.thedev.ca\/wp-content\/uploads\/FR-Impact-Video-Thumbnail-100x56.png 100w, https:\/\/archiveparkinson.thedev.ca\/wp-content\/uploads\/FR-Impact-Video-Thumbnail-890x501.png 890w, https:\/\/archiveparkinson.thedev.ca\/wp-content\/uploads\/FR-Impact-Video-Thumbnail-1264x711.png 1264w\" sizes=\"(max-width: 600px) 100vw, 600px\" \/><\/figcaption><\/figure>\n<\/div>\n<div class=\"col-md-6\">\n<p><span class=\"TextRun SCXW159712163 BCX8\" lang=\"FR-CA\" xml:lang=\"FR-CA\" data-contrast=\"none\"><span class=\"NormalTextRun SCXW159712163 BCX8\">Nous sommes plus puissants dans ce que nous pouvons r\u00e9aliser ensemble. Nous vous remercions de votre soutien important et de votre foi en notre mission. Vous faites la diff\u00e9rence pour la communaut\u00e9 des chercheurs, des prestataires de soins et de services et des personnes vivant avec la maladie de Parkinson.<\/span><\/span><span class=\"EOP SCXW159712163 BCX8\" data-ccp-props=\"{&quot;201341983&quot;:0,&quot;335559739&quot;:360,&quot;335559740&quot;:240}\">\u00a0<\/span><\/p>\n<ul>\n<li><a href=\"https:\/\/www.impact.parkinson.ca\/home-fr\" target=\"_blank\" rel=\"noopener noreferrer nofollow\">Consultez le rapport en ligne<\/a><\/li>\n<li>T\u00e9l\u00e9chargez une <a href=\"https:\/\/archiveparkinson.thedev.ca\/wp-content\/uploads\/Your-2023-Impact-FR.pdf\" target=\"_blank\" rel=\"noopener noreferrer\">version PDF<\/a> du rapport<\/li>\n<li>T<span class=\"TextRun SCXW37831568 BCX8\" lang=\"FR-CA\" xml:lang=\"FR-CA\" data-contrast=\"none\"><span class=\"NormalTextRun SCXW37831568 BCX8\">\u00e9l\u00e9charger <\/span><\/span><a class=\"Hyperlink SCXW37831568 BCX8\" href=\"https:\/\/archiveparkinson.thedev.ca\/wp-content\/uploads\/Parkinson-Canada-Inc-FS-2023-FINAL-FR-Board-Signed.pdf\" target=\"_blank\" rel=\"noreferrer noopener\"><span class=\"TextRun Underlined SCXW37831568 BCX8\" lang=\"FR-CA\" xml:lang=\"FR-CA\" data-contrast=\"none\"><span class=\"NormalTextRun SCXW37831568 BCX8\" data-ccp-charstyle=\"Hyperlink\">les \u00e9tats financiers<\/span><\/span><\/a><span class=\"TextRun SCXW37831568 BCX8\" lang=\"FR-CA\" xml:lang=\"FR-CA\" data-contrast=\"none\"><span class=\"NormalTextRun SCXW37831568 BCX8\"> 2023<\/span><\/span><\/li>\n<li><span class=\"TextRun SCXW92686946 BCX8\" lang=\"FR-CA\" xml:lang=\"FR-CA\" data-contrast=\"none\"><span class=\"NormalTextRun ContextualSpellingAndGrammarErrorV2Themed GrammarErrorHighlight SCXW92686946 BCX8\">Consultez le<\/span> <\/span><a class=\"Hyperlink SCXW92686946 BCX8\" href=\"https:\/\/apps.cra-arc.gc.ca\/ebci\/hacc\/srch\/pub\/dsplyRprtngPrd?q.srchNm=Parkinson+Canada&amp;q.stts=0007&amp;selectedCharityBn=108091786RR0001&amp;dsrdPg=1\" target=\"_blank\" rel=\"noreferrer noopener\"><span class=\"TextRun Underlined SCXW92686946 BCX8\" lang=\"FR-CA\" xml:lang=\"FR-CA\" data-contrast=\"none\"><span class=\"NormalTextRun SCXW92686946 BCX8\" data-ccp-charstyle=\"Hyperlink\">rapport T3010<\/span><\/span><\/a><span class=\"TextRun SCXW92686946 BCX8\" lang=\"FR-CA\" xml:lang=\"FR-CA\" data-contrast=\"none\"><span class=\"NormalTextRun SCXW92686946 BCX8\">, la D\u00e9claration de renseignements des organismes de bienfaisance enregistr\u00e9s de Parkinson Canada sur le site Web de l&rsquo;Agence du revenu du Canada.<\/span><span class=\"NormalTextRun SCXW92686946 BCX8\">\u00a0<\/span><\/span><span class=\"EOP SCXW92686946 BCX8\" data-ccp-props=\"{&quot;134233117&quot;:true,&quot;134233118&quot;:true,&quot;201341983&quot;:0,&quot;335559739&quot;:160,&quot;335559740&quot;:240}\">\u00a0<\/span><\/li>\n<\/ul>\n<\/div>\n<\/div>\n<\/div>\n<div class=\"container-fluid\">\n<div class=\"row\">\n<div class=\"col-md-6\">\n<h2>Rapports annuels ant\u00e9rieurs<\/h2>\n<ul>\n<li><a href=\"https:\/\/archiveparkinson.thedev.ca\/wp-content\/uploads\/2020-rapport-de-gratitude.pdf\">2020<\/a><\/li>\n<li><a href=\"\/wp-content\/uploads\/PC_2019_AR_FINAL_FR_ONLINE.pdf\" target=\"_blank\" rel=\"noopener noreferrer\">2019<\/a><\/li>\n<li><a href=\"\/wp-content\/uploads\/Rapport-Annuel-2018.pdf\" target=\"_blank\" rel=\"noopener noreferrer\">2018<\/a><\/li>\n<li><a href=\"\/wp-content\/uploads\/rapport_annuel_2017.pdf?v1\" target=\"_blank\" rel=\"noopener noreferrer\">2017<\/a><\/li>\n<li><a href=\"\/wp-content\/uploads\/annual_report_2016_FR.pdf\">2016<\/a><\/li>\n<li><a href=\"http:\/\/archiveparkinson.thedev.ca\/wp-content\/uploads\/2013_Annuel_Rapport.pdf\">2013<\/a><\/li>\n<li>2012<\/li>\n<li><a href=\"http:\/\/archiveparkinson.thedev.ca\/wp-content\/uploads\/2011_Rapport_Annuel.pdf\">2011<\/a><\/li>\n<li><a href=\"http:\/\/archiveparkinson.thedev.ca\/wp-content\/uploads\/2010-2011_Rapport_Annuel.pdf\">2010-2011<\/a><\/li>\n<li><a href=\"http:\/\/archiveparkinson.thedev.ca\/wp-content\/uploads\/2009-2010_Rapport_Annuel_lowRes.pdf\">2009-2010<\/a><\/li>\n<li><a href=\"http:\/\/archiveparkinson.thedev.ca\/wp-content\/uploads\/2008-2009_Rapport_Annuel.pdf\">2008-2009<\/a><\/li>\n<li><a href=\"http:\/\/archiveparkinson.thedev.ca\/wp-content\/uploads\/2007-2008_Rapport_Annuel.pdf\">2007-2008<\/a><\/li>\n<li><a href=\"http:\/\/archiveparkinson.thedev.ca\/wp-content\/uploads\/2006_Parkinsonreport_FR.pdf\">2006<\/a><\/li>\n<li><a href=\"http:\/\/archiveparkinson.thedev.ca\/wp-content\/uploads\/2004-2005_Rapport_Annuel.pdf\">2005<\/a><\/li>\n<\/ul>\n<\/div>\n<div class=\"col-md-6\">\n<h2>Etats financiers verifies<\/h2>\n<ul>\n<li><a href=\"https:\/\/archiveparkinson.thedev.ca\/wp-content\/uploads\/Parkinson-Canada-Etat-financiers-decembre-31-2020.pdf\">2020<\/a><\/li>\n<li><a href=\"\/wp-content\/uploads\/Parkinson-Canada-Etat-financiers-decembre-31-2019.pdf\">2019<\/a><\/li>\n<li><a href=\"\/wp-content\/uploads\/Parkinson-Canada-Etat-financiers-2018.pdf\">2018<\/a><\/li>\n<li><a href=\"\/wp-content\/uploads\/Parkinson-Canada-Etat-financiers-decembre-31-2017-1.pdf\">2017<\/a><\/li>\n<li><a href=\"http:\/\/archiveparkinson.thedev.ca\/wp-content\/uploads\/etats_financiers_2016.pdf\" target=\"blank\" rel=\"noopener noreferrer\">2016<\/a><\/li>\n<li><a href=\"http:\/\/archiveparkinson.thedev.ca\/wp-content\/uploads\/2014_SPC_ETAT_FINANCIERS_CONSOLIDES.pdf\">2014<\/a><\/li>\n<li><a href=\"http:\/\/archiveparkinson.thedev.ca\/wp-content\/uploads\/2013-ETAT_FINANCIERS_CONSOLIDES.pdf\">2013<\/a><\/li>\n<li><a href=\"http:\/\/archiveparkinson.thedev.ca\/wp-content\/uploads\/2012_Etat_Financiers_Consolides.pdf\">2012<\/a><\/li>\n<li><a href=\"http:\/\/archiveparkinson.thedev.ca\/wp-content\/uploads\/2011_ETATS_FINANCIERS_CONSOLID\u00c9S.pdf\">2011<\/a><\/li>\n<\/ul>\n<\/div>\n<\/div>\n<\/div>\n","protected":false},"excerpt":{"rendered":"<p>Votre impact en 2023 Nous sommes plus puissants dans ce que nous pouvons r\u00e9aliser ensemble. Nous vous remercions de votre &#8230; <a href=\"https:\/\/archiveparkinson.thedev.ca\/fr\/about-us-fr\/fr-financial-reports\/\" class=\"more-link\">En savoir plus<\/a><\/p>\n","protected":false},"author":67,"featured_media":0,"parent":387,"menu_order":0,"comment_status":"closed","ping_status":"closed","template":"template-layout-full-width.php","meta":[],"categories":[],"yoast_head":"<!-- This site is optimized with the Yoast SEO plugin v20.6 - https:\/\/yoast.com\/wordpress\/plugins\/seo\/ -->\n<title>Rapports financiers - Parkinson Canada<\/title>\n<meta name=\"robots\" content=\"noindex, follow, max-snippet:-1, max-image-preview:large, max-video-preview:-1\" \/>\n<meta property=\"og:locale\" content=\"fr_FR\" \/>\n<meta property=\"og:type\" content=\"article\" \/>\n<meta property=\"og:title\" content=\"Rapports financiers - Parkinson Canada\" \/>\n<meta property=\"og:description\" content=\"Votre impact en 2023 Nous sommes plus puissants dans ce que nous pouvons r\u00e9aliser ensemble. Nous vous remercions de votre ... En savoir plus\" \/>\n<meta property=\"og:url\" content=\"https:\/\/archiveparkinson.thedev.ca\/fr\/about-us-fr\/fr-financial-reports\/\" \/>\n<meta property=\"og:site_name\" content=\"Parkinson Canada\" \/>\n<meta property=\"article:publisher\" content=\"https:\/\/www.facebook.com\/parkinsoncanada\/\" \/>\n<meta property=\"article:modified_time\" content=\"2024-07-04T15:44:35+00:00\" \/>\n<meta property=\"og:image\" content=\"https:\/\/archiveparkinson.thedev.ca\/wp-content\/uploads\/FR-Impact-Video-Thumbnail.png\" \/>\n<meta name=\"twitter:card\" content=\"summary_large_image\" \/>\n<meta name=\"twitter:site\" content=\"@ParkinsonCanada\" \/>\n<meta name=\"twitter:label1\" content=\"Dur\u00e9e de lecture estim\u00e9e\" \/>\n\t<meta name=\"twitter:data1\" content=\"1 minute\" \/>\n<script type=\"application\/ld+json\" class=\"yoast-schema-graph\">{\"@context\":\"https:\/\/schema.org\",\"@graph\":[{\"@type\":\"WebPage\",\"@id\":\"https:\/\/archiveparkinson.thedev.ca\/fr\/about-us-fr\/fr-financial-reports\/\",\"url\":\"https:\/\/archiveparkinson.thedev.ca\/fr\/about-us-fr\/fr-financial-reports\/\",\"name\":\"Rapports financiers - Parkinson Canada\",\"isPartOf\":{\"@id\":\"https:\/\/archiveparkinson.thedev.ca\/#website\"},\"datePublished\":\"2017-09-07T00:51:35+00:00\",\"dateModified\":\"2024-07-04T15:44:35+00:00\",\"breadcrumb\":{\"@id\":\"https:\/\/archiveparkinson.thedev.ca\/fr\/about-us-fr\/fr-financial-reports\/#breadcrumb\"},\"inLanguage\":\"fr-FR\",\"potentialAction\":[{\"@type\":\"ReadAction\",\"target\":[\"https:\/\/archiveparkinson.thedev.ca\/fr\/about-us-fr\/fr-financial-reports\/\"]}]},{\"@type\":\"BreadcrumbList\",\"@id\":\"https:\/\/archiveparkinson.thedev.ca\/fr\/about-us-fr\/fr-financial-reports\/#breadcrumb\",\"itemListElement\":[{\"@type\":\"ListItem\",\"position\":1,\"name\":\"Home\",\"item\":\"https:\/\/archiveparkinson.thedev.ca\/fr\/\"},{\"@type\":\"ListItem\",\"position\":2,\"name\":\"\u00c0 propos de nous\",\"item\":\"https:\/\/archiveparkinson.thedev.ca\/fr\/about-us-fr\/\"},{\"@type\":\"ListItem\",\"position\":3,\"name\":\"Rapports financiers\"}]},{\"@type\":\"WebSite\",\"@id\":\"https:\/\/archiveparkinson.thedev.ca\/#website\",\"url\":\"https:\/\/archiveparkinson.thedev.ca\/\",\"name\":\"Parkinson Canada\",\"description\":\"Empowering the Parkinson&#039;s community across Canada\",\"potentialAction\":[{\"@type\":\"SearchAction\",\"target\":{\"@type\":\"EntryPoint\",\"urlTemplate\":\"https:\/\/archiveparkinson.thedev.ca\/?s={search_term_string}\"},\"query-input\":\"required name=search_term_string\"}],\"inLanguage\":\"fr-FR\"}]}<\/script>\n<!-- \/ Yoast SEO plugin. -->","yoast_head_json":{"title":"Rapports financiers - Parkinson Canada","robots":{"index":"noindex","follow":"follow","max-snippet":"max-snippet:-1","max-image-preview":"max-image-preview:large","max-video-preview":"max-video-preview:-1"},"og_locale":"fr_FR","og_type":"article","og_title":"Rapports financiers - Parkinson Canada","og_description":"Votre impact en 2023 Nous sommes plus puissants dans ce que nous pouvons r\u00e9aliser ensemble. Nous vous remercions de votre ... En savoir plus","og_url":"https:\/\/archiveparkinson.thedev.ca\/fr\/about-us-fr\/fr-financial-reports\/","og_site_name":"Parkinson Canada","article_publisher":"https:\/\/www.facebook.com\/parkinsoncanada\/","article_modified_time":"2024-07-04T15:44:35+00:00","og_image":[{"url":"https:\/\/archiveparkinson.thedev.ca\/wp-content\/uploads\/FR-Impact-Video-Thumbnail.png"}],"twitter_card":"summary_large_image","twitter_site":"@ParkinsonCanada","twitter_misc":{"Dur\u00e9e de lecture estim\u00e9e":"1 minute"},"schema":{"@context":"https:\/\/schema.org","@graph":[{"@type":"WebPage","@id":"https:\/\/archiveparkinson.thedev.ca\/fr\/about-us-fr\/fr-financial-reports\/","url":"https:\/\/archiveparkinson.thedev.ca\/fr\/about-us-fr\/fr-financial-reports\/","name":"Rapports financiers - Parkinson Canada","isPartOf":{"@id":"https:\/\/archiveparkinson.thedev.ca\/#website"},"datePublished":"2017-09-07T00:51:35+00:00","dateModified":"2024-07-04T15:44:35+00:00","breadcrumb":{"@id":"https:\/\/archiveparkinson.thedev.ca\/fr\/about-us-fr\/fr-financial-reports\/#breadcrumb"},"inLanguage":"fr-FR","potentialAction":[{"@type":"ReadAction","target":["https:\/\/archiveparkinson.thedev.ca\/fr\/about-us-fr\/fr-financial-reports\/"]}]},{"@type":"BreadcrumbList","@id":"https:\/\/archiveparkinson.thedev.ca\/fr\/about-us-fr\/fr-financial-reports\/#breadcrumb","itemListElement":[{"@type":"ListItem","position":1,"name":"Home","item":"https:\/\/archiveparkinson.thedev.ca\/fr\/"},{"@type":"ListItem","position":2,"name":"\u00c0 propos de nous","item":"https:\/\/archiveparkinson.thedev.ca\/fr\/about-us-fr\/"},{"@type":"ListItem","position":3,"name":"Rapports financiers"}]},{"@type":"WebSite","@id":"https:\/\/archiveparkinson.thedev.ca\/#website","url":"https:\/\/archiveparkinson.thedev.ca\/","name":"Parkinson Canada","description":"Empowering the Parkinson&#039;s community across Canada","potentialAction":[{"@type":"SearchAction","target":{"@type":"EntryPoint","urlTemplate":"https:\/\/archiveparkinson.thedev.ca\/?s={search_term_string}"},"query-input":"required name=search_term_string"}],"inLanguage":"fr-FR"}]}},"_links":{"self":[{"href":"https:\/\/archiveparkinson.thedev.ca\/fr\/wp-json\/wp\/v2\/pages\/1897"}],"collection":[{"href":"https:\/\/archiveparkinson.thedev.ca\/fr\/wp-json\/wp\/v2\/pages"}],"about":[{"href":"https:\/\/archiveparkinson.thedev.ca\/fr\/wp-json\/wp\/v2\/types\/page"}],"author":[{"embeddable":true,"href":"https:\/\/archiveparkinson.thedev.ca\/fr\/wp-json\/wp\/v2\/users\/67"}],"replies":[{"embeddable":true,"href":"https:\/\/archiveparkinson.thedev.ca\/fr\/wp-json\/wp\/v2\/comments?post=1897"}],"version-history":[{"count":9,"href":"https:\/\/archiveparkinson.thedev.ca\/fr\/wp-json\/wp\/v2\/pages\/1897\/revisions"}],"predecessor-version":[{"id":42817,"href":"https:\/\/archiveparkinson.thedev.ca\/fr\/wp-json\/wp\/v2\/pages\/1897\/revisions\/42817"}],"up":[{"embeddable":true,"href":"https:\/\/archiveparkinson.thedev.ca\/fr\/wp-json\/wp\/v2\/pages\/387"}],"wp:attachment":[{"href":"https:\/\/archiveparkinson.thedev.ca\/fr\/wp-json\/wp\/v2\/media?parent=1897"}],"wp:term":[{"taxonomy":"category","embeddable":true,"href":"https:\/\/archiveparkinson.thedev.ca\/fr\/wp-json\/wp\/v2\/categories?post=1897"}],"curies":[{"name":"wp","href":"https:\/\/api.w.org\/{rel}","templated":true}]}}