{"id":29970,"date":"2021-01-20T11:03:11","date_gmt":"2021-01-20T16:03:11","guid":{"rendered":"https:\/\/www.parkinson.ca\/about-us-fr\/strategic-plan\/"},"modified":"2021-01-30T00:23:53","modified_gmt":"2021-01-30T05:23:53","slug":"plan-strategique","status":"publish","type":"page","link":"https:\/\/archiveparkinson.thedev.ca\/fr\/about-us-fr\/plan-strategique\/","title":{"rendered":"Plan strat\u00e9gique 2021-2023"},"content":{"rendered":"<div id=\"cs-content\" class=\"cs-content\"><div class=\"x-section e29970-1 mn4i-0\" style=\"padding:0\"><div class=\"x-row x-container max width e29970-2 mn4i-1 mn4i-2 mn4i-3\"><div class=\"x-row-inner\"><div class=\"x-col e29970-3 mn4i-8\"><div class=\"landing-page-hero\"><div class=\"landing-page-hero__image\"><img src=\"https:\/\/archiveparkinson.thedev.ca\/wp-content\/uploads\/2021-2023-strat-plan-hero-image.jpg\" alt=\"\u201d\u201d\"><\/div><div class=\"landing-page-hero__caption\"><p class=\"landing-page-hero__caption__text\">Les personnes touch\u00e9es par la maladie de Parkinson sont au centre de tout ce que nous faisons.<\/p><\/div><\/div><\/div><\/div><\/div><\/div><div class=\"x-section e29970-5 mn4i-0\"><div class=\"x-row x-container max width e29970-6 mn4i-1 mn4i-2 mn4i-3\"><div class=\"x-row-inner\"><div class=\"x-col e29970-7 mn4i-8\"><div class=\"x-text e29970-8 mn4i-a mn4i-b mn4i-c mn4i-d\"><h2>Pr\u00eats \u00e0 tout.<\/h2><\/div><div class=\"x-text e29970-9 mn4i-a mn4i-b mn4i-c mn4i-d\">Ce plan strat\u00e9gique 2021-2023 vise \u00e0 faire face au changement en cette p\u00e9riode d\u2019incertitude et \u00e0 \u00e9tendre la port\u00e9e de la maladie pour toucher davantage de Canadiens atteints de la maladie de Parkinson, en veillant \u00e0 ce que chaque personne touch\u00e9e par la maladie de Parkinson, o\u00f9 qu\u2019elle soit, puisse mener une vie satisfaisante aujourd\u2019hui.<\/div><div class=\"x-text e29970-10 mn4i-a mn4i-b mn4i-c mn4i-d\">En cette p\u00e9riode de chamboulements sans pr\u00e9c\u00e9dent, Parkinson Canada canalise cet esprit et cette d\u00e9termination et s\u2019engage \u00e0 mettre sur pied des programmes et des services plus accessibles et \u00e0 offrir un choix tout au long du parcours de la maladie de Parkinson. Pr\u00eats \u00e0 tout. Nous nous sommes engag\u00e9s \u00e0 faire entendre la voix des personnes touch\u00e9es par la maladie de Parkinson gr\u00e2ce \u00e0 des efforts de sensibilisation ax\u00e9s sur l\u2019am\u00e9lioration des soins. Pr\u00eats \u00e0 tout. Nous nous sommes engag\u00e9s \u00e0 collaborer et \u00e0 \u00e9tablir des partenariats pour stimuler l\u2019innovation en mati\u00e8re de recherche, dans l\u2019espoir de trouver de nouveaux traitements et, \u00e0 terme, un rem\u00e8de. Pr\u00eats \u00e0 tout.<\/div><\/div><\/div><\/div><\/div><div class=\"x-section e29970-11 mn4i-0\"><div class=\"x-row x-container max width e29970-12 mn4i-1 mn4i-2 mn4i-3\"><div class=\"x-row-inner\"><div class=\"x-col e29970-13 mn4i-8\"><div class=\"x-text e29970-14 mn4i-a mn4i-b mn4i-c mn4i-d\"><h2>Orientations strat\u00e9giques<\/h2><\/div><\/div><div class=\"x-col e29970-15 mn4i-8 mn4i-9\"><span class=\"x-image e29970-16 mn4i-i\"><img src=\"https:\/\/archiveparkinson.thedev.ca\/wp-content\/uploads\/nmw-strategic-directions_FR.png\" width=\"350\" height=\"376\" alt=\"Image\" loading=\"lazy\"><\/span><\/div><div class=\"x-col e29970-17 mn4i-8\"><div class=\"x-text e29970-18 mn4i-a mn4i-b mn4i-c mn4i-d\">Les personnes touch\u00e9es par la maladie de Parkinson sont au centre de tout ce que nous faisons. Lorsque vous soutenez Parkinson Canada, vous d\u00e9montrez votre engagement :<\/div><\/div><\/div><\/div><div class=\"x-row x-container max width e29970-19 mn4i-1 mn4i-4 mn4i-5\"><div class=\"x-row-inner\"><div class=\"x-col e29970-20 mn4i-8\"><div class=\"x-text e29970-21 mn4i-c mn4i-e mn4i-f\"><span class=\"fa-stack\">\n  <i class=\"fas fa-circle fa-stack-2x\"><\/i>\n  <i class=\"fas fa-hands-helping fa-stack-1x fa-inverse\"><\/i>\n<\/span><\/div><\/div><div class=\"x-col e29970-22 mn4i-8\"><div class=\"x-text e29970-23 mn4i-a mn4i-b mn4i-c mn4i-d\"><strong>\u00e0 exercer une incidence sur un plus grand nombre de personnes tout au long du parcours de la maladie de Parkinson<\/strong><\/div><div class=\"x-text e29970-24 mn4i-a mn4i-c mn4i-d mn4i-g\"><ul>\n<li>Vous fournissez un acc\u00e8s \u00e9quitable \u00e0 des programmes et \u00e0 des services, partout au Canada, qui offrent un choix et sont personnalis\u00e9s tout au long du parcours de vie avec la maladie de Parkinson. Car nous sommes pr\u00eats \u00e0 tout.<\/li>\n<li>Les programmes et les services dans les communaut\u00e9s seront am\u00e9lior\u00e9s, notamment en favorisant davantage les liens entre les communaut\u00e9s et en fournissant des outils et des ressources aux b\u00e9n\u00e9voles d\u00e9vou\u00e9s qui apportent un soutien \u00e0 la communaut\u00e9<\/li>\n<li>Des programmes et des services qui r\u00e9pondent aux divers besoins et int\u00e9r\u00eats des Canadiens vivant avec la maladie de Parkinson, en assurant la pertinence et la r\u00e9sonance \u00e0 toutes les \u00e9tapes du parcours de la maladie<\/li>\n<li>Encadrement personnalis\u00e9 et contenu adapt\u00e9 pour r\u00e9pondre aux besoins sp\u00e9cifiques des personnes atteintes de la maladie de Parkinson, gr\u00e2ce \u00e0 la technologie et \u00e0 un soutien personnalis\u00e9 par le biais de programmes d\u2019information et d\u2019orientation<\/li>\n<\/ul><\/div><\/div><\/div><\/div><div class=\"x-row x-container max width e29970-25 mn4i-1 mn4i-4 mn4i-5\"><div class=\"x-row-inner\"><div class=\"x-col e29970-26 mn4i-8\"><div class=\"x-text e29970-27 mn4i-c mn4i-e mn4i-f\"><span class=\"fa-stack\">\n  <i class=\"fas fa-circle fa-stack-2x\"><\/i>\n  <i class=\"fas fa-bullhorn fa-stack-1x fa-inverse\"><\/i>\n<\/span><\/div><\/div><div class=\"x-col e29970-28 mn4i-8\"><div class=\"x-text e29970-29 mn4i-a mn4i-b mn4i-c mn4i-d\"><strong>Faire entendre la voix des personnes vivant avec la maladie de Parkinson pour faire avancer les solutions visant \u00e0 am\u00e9liorer la qualit\u00e9 de vie<\/strong><\/div><div class=\"x-text e29970-30 mn4i-a mn4i-c mn4i-d mn4i-g\"><ul>\n<li>Vous concevez des plateformes pour amplifier la voix des personnes atteintes de la maladie de Parkinson afin d\u2019am\u00e9liorer l\u2019acc\u00e8s aux soins et de cr\u00e9er un changement \u00e0 l\u2019\u00e9chelle du syst\u00e8me. Pr\u00eats \u00e0 tout.<\/li>\n<li>Mettre en \u0153uvre un cadre de sensibilisation ax\u00e9 sur l\u2019acc\u00e8s aux services de sant\u00e9 et mobiliser la communaut\u00e9 pour amplifier sa voix collective<\/li>\n<li>Un groupe consultatif de personnes atteintes de la maladie de Parkinson pr\u00eatera conseils \u00e0 la directrice g\u00e9n\u00e9rale et \u00e0 l\u2019organisation, en veillant \u00e0 ce que les besoins des Canadiens atteints de la maladie de Parkinson soient compris et \u00e0 ce que les d\u00e9cisions soient prises en vue d\u2019am\u00e9liorer la qualit\u00e9 de vie actuelle<\/li>\n<\/ul><\/div><\/div><\/div><\/div><div class=\"x-row x-container max width e29970-31 mn4i-1 mn4i-4 mn4i-5\"><div class=\"x-row-inner\"><div class=\"x-col e29970-32 mn4i-8\"><div class=\"x-text e29970-33 mn4i-c mn4i-e mn4i-f\"><span class=\"fa-stack\">\n  <i class=\"fas fa-circle fa-stack-2x\"><\/i>\n  <i class=\"fas fa-lightbulb fa-stack-1x fa-inverse\"><\/i>\n<\/span><\/div><\/div><div class=\"x-col e29970-34 mn4i-8\"><div class=\"x-text e29970-35 mn4i-a mn4i-b mn4i-c mn4i-d\"><strong>\u00c9tablir des partenariats et collaborer pour stimuler l\u2019innovation en mati\u00e8re de recherche qui donne de l\u2019espoir<\/strong><\/div><div class=\"x-text e29970-36 mn4i-a mn4i-c mn4i-d mn4i-g\"><ul>\n<li>Nous \u00e9tablirons des partenariats et collaborerons avec des organisations qui partagent notre passion pour la recherche sur la maladie de Parkinson dans l\u2019espoir de trouver de nouveaux traitements et, \u00e0 terme, un rem\u00e8de. Pr\u00eats \u00e0 tout.<\/li>\n<li>Le programme national de recherche Parkinson Canada va se peaufiner, en continuant \u00e0 financer les meilleurs travaux de recherche canadiens et en permettant l\u2019innovation et l\u2019engagement.<\/li>\n<li>Parkinson Canada sera un partenaire actif dans la collaboration en mati\u00e8re de recherche, gr\u00e2ce \u00e0 un cofinancement et \u00e0 un partenariat avec des bailleurs de fonds nationaux et internationaux et gr\u00e2ce \u00e0 un r\u00f4le de chef de file dans le R\u00e9seau canadien ouvert sur la maladie de Parkinson; un mod\u00e8le national \u00e9labor\u00e9 en partenariat avec Brain Canada pour rapprocher les personnes, les donn\u00e9es et les ressources afin d\u2019acc\u00e9l\u00e9rer les d\u00e9couvertes sur la maladie de Parkinson<\/li>\n<\/ul><\/div><\/div><\/div><\/div><\/div><div class=\"x-section e29970-37 mn4i-0\"><div class=\"x-row x-container max width e29970-38 mn4i-1 mn4i-2 mn4i-3\"><div class=\"x-row-inner\"><div class=\"x-col e29970-39 mn4i-8\"><div class=\"x-text e29970-40 mn4i-a mn4i-b mn4i-c mn4i-h\"><h3>Strat\u00e9gies d\u2019habilitation<\/h3><\/div><\/div><\/div><\/div><div class=\"x-row x-container max width e29970-41 mn4i-1 mn4i-2 mn4i-5 mn4i-6\"><div class=\"x-row-inner\"><div class=\"x-col e29970-42 mn4i-8\"><div class=\"x-row e29970-43 mn4i-1 mn4i-2 mn4i-3 mn4i-7 card\"><div class=\"x-row-inner\"><div class=\"x-col e29970-44 mn4i-8\"><div class=\"x-text e29970-45 mn4i-a mn4i-b mn4i-c mn4i-f\"><i class=\"fas fa-chart-line\"><\/i><\/div><div class=\"x-text e29970-46 mn4i-a mn4i-b mn4i-c mn4i-h\">Marque et marketing<\/div><\/div><\/div><\/div><\/div><div class=\"x-col e29970-47 mn4i-8\"><div class=\"x-row e29970-48 mn4i-1 mn4i-2 mn4i-3 mn4i-7 card\"><div class=\"x-row-inner\"><div class=\"x-col e29970-49 mn4i-8\"><div class=\"x-text e29970-50 mn4i-a mn4i-b mn4i-c mn4i-f\"><i class=\"fas fa-desktop\"><\/i><\/div><div class=\"x-text e29970-51 mn4i-a mn4i-b mn4i-c mn4i-h\">Priorit\u00e9 au num\u00e9rique<\/div><\/div><\/div><\/div><\/div><div class=\"x-col e29970-52 mn4i-8\"><div class=\"x-row e29970-53 mn4i-1 mn4i-2 mn4i-3 mn4i-7 card\"><div class=\"x-row-inner\"><div class=\"x-col e29970-54 mn4i-8\"><div class=\"x-text e29970-55 mn4i-a mn4i-b mn4i-c mn4i-f\"><i class=\"fas fa-user-plus\"><\/i><\/div><div class=\"x-text e29970-56 mn4i-a mn4i-b mn4i-c mn4i-h\">Diversit\u00e9, inclusion et \u00e9quit\u00e9<\/div><\/div><\/div><\/div><\/div><div class=\"x-col e29970-57 mn4i-8\"><div class=\"x-row e29970-58 mn4i-1 mn4i-2 mn4i-3 mn4i-7 card\"><div class=\"x-row-inner\"><div class=\"x-col e29970-59 mn4i-8\"><div class=\"x-text e29970-60 mn4i-a mn4i-b mn4i-c mn4i-f\"><i class=\"fas fa-donate\"><\/i><\/div><div class=\"x-text e29970-61 mn4i-a mn4i-b mn4i-c mn4i-h\">Collecte de fonds<\/div><\/div><\/div><\/div><\/div><div class=\"x-col e29970-62 mn4i-8\"><div class=\"x-row e29970-63 mn4i-1 mn4i-2 mn4i-3 mn4i-7 card\"><div class=\"x-row-inner\"><div class=\"x-col e29970-64 mn4i-8\"><div class=\"x-text e29970-65 mn4i-a mn4i-b mn4i-c mn4i-f\"><i class=\"fas fa-handshake\"><\/i><\/div><div class=\"x-text e29970-66 mn4i-a mn4i-b mn4i-c mn4i-h\">Ressources humaines et mobilisation des b\u00e9n\u00e9voles<\/div><\/div><\/div><\/div><\/div><\/div><\/div><\/div><div class=\"x-section e29970-67 mn4i-0\"><div class=\"x-row x-container max width e29970-68 mn4i-1 mn4i-2 mn4i-3\"><div class=\"x-row-inner\"><div class=\"x-col e29970-69 mn4i-8\"><div class=\"x-text e29970-70 mn4i-a mn4i-b mn4i-c mn4i-h\"><h2>Pr\u00eats \u00e0 tout - dans l\u2019action<\/h2><\/div><div  class=\"x-recent-posts cf horizontal\"  data-x-element=\"recent_posts\" data-x-params=\"{&quot;fade&quot;:false}\" data-fade=\"false\" ><a class=\"x-recent-post3 with-image\" href=\"https:\/\/archiveparkinson.thedev.ca\/fr\/new-guide-to-help-you-live-well-with-parkinsons-every-victory-counts\/\" title=\"Permalink to: &quot;New guide to help you live well with Parkinson&rsquo;s: Every Victory Counts\u00ae&quot;\"><article id=\"post-32123\" class=\"post-32123 post type-post status-publish format-standard has-post-thumbnail hentry category-news-update-fr category-news-fr category-news-no-matter-what-fr\"><div class=\"entry-wrap\"><div class=\"x-recent-posts-img\" style=\"background-image: url(https:\/\/archiveparkinson.thedev.ca\/wp-content\/uploads\/every-victory-counts-announcement-890x450.jpg);\"><\/div><div class=\"x-recent-posts-content\"><h3 class=\"h-recent-posts\">New guide to help you live well with Parkinson&rsquo;s: Every Victory Counts\u00ae<\/h3><span class=\"x-recent-posts-date\">2021-10-13<\/span><\/div><\/div><\/article><\/a><a class=\"x-recent-post3 with-image\" href=\"https:\/\/archiveparkinson.thedev.ca\/fr\/la-premiere-des-neuf-tables-rondes-virtuelles-explorant-les-realites-du-diagnostic-et-de-lacces-aux-soins-a-eu-lieu\/\" title=\"Permalink to: &quot;La premi\u00e8re des neuf tables rondes virtuelles explorant les r\u00e9alit\u00e9s du diagnostic et de l\u2019acc\u00e8s aux soins a eu lieu&quot;\"><article id=\"post-31957\" class=\"post-31957 post type-post status-publish format-standard has-post-thumbnail hentry category-news-fr category-news-no-matter-what-fr\"><div class=\"entry-wrap\"><div class=\"x-recent-posts-img\" style=\"background-image: url(https:\/\/archiveparkinson.thedev.ca\/wp-content\/uploads\/diagnosis-issue-2021-04-1.jpeg);\"><\/div><div class=\"x-recent-posts-content\"><h3 class=\"h-recent-posts\">La premi\u00e8re des neuf tables rondes virtuelles explorant les r\u00e9alit\u00e9s du diagnostic et de l\u2019acc\u00e8s aux soins a eu lieu<\/h3><span class=\"x-recent-posts-date\">2021-08-20<\/span><\/div><\/div><\/article><\/a><a class=\"x-recent-post3 with-image\" href=\"https:\/\/archiveparkinson.thedev.ca\/fr\/un-ete-pour-bien-vivre-vivre-bien-quoi-quil-arrive\/\" title=\"Permalink to: &quot;Un \u00e9t\u00e9 pour bien vivre: Vivre bien, quoi qu&rsquo;il arrive&quot;\"><article id=\"post-31644\" class=\"post-31644 post type-post status-publish format-standard has-post-thumbnail hentry category-news-fr category-news-no-matter-what-fr\"><div class=\"entry-wrap\"><div class=\"x-recent-posts-img\" style=\"background-image: url(https:\/\/archiveparkinson.thedev.ca\/wp-content\/uploads\/summer-of-living-well-FR-890x497.jpg);\"><\/div><div class=\"x-recent-posts-content\"><h3 class=\"h-recent-posts\">Un \u00e9t\u00e9 pour bien vivre: Vivre bien, quoi qu&rsquo;il arrive<\/h3><span class=\"x-recent-posts-date\">2021-07-12<\/span><\/div><\/div><\/article><\/a><\/div><\/div><\/div><\/div><\/div><\/div>\n","protected":false},"excerpt":{"rendered":"<p>Les personnes touch\u00e9es par la maladie de Parkinson sont au centre de tout ce que nous faisons.Pr\u00eats \u00e0 tout.Ce plan &#8230; <a href=\"https:\/\/archiveparkinson.thedev.ca\/fr\/un-ete-pour-bien-vivre-vivre-bien-quoi-quil-arrive\/\" class=\"more-link\">En savoir plus<\/a><\/p>\n","protected":false},"author":66,"featured_media":0,"parent":387,"menu_order":0,"comment_status":"closed","ping_status":"closed","template":"template-layout-full-width.php","meta":[],"categories":[],"yoast_head":"<!-- This site is optimized with the Yoast SEO plugin v20.6 - https:\/\/yoast.com\/wordpress\/plugins\/seo\/ -->\n<title>Plan strat\u00e9gique 2021-2023 - Parkinson Canada<\/title>\n<meta name=\"robots\" content=\"noindex, follow, max-snippet:-1, max-image-preview:large, max-video-preview:-1\" \/>\n<meta property=\"og:locale\" content=\"fr_FR\" \/>\n<meta property=\"og:type\" content=\"article\" \/>\n<meta property=\"og:title\" content=\"Plan strat\u00e9gique 2021-2023 - Parkinson Canada\" \/>\n<meta property=\"og:description\" content=\"Les personnes touch\u00e9es par la maladie de Parkinson sont au centre de tout ce que nous faisons.Pr\u00eats \u00e0 tout.Ce plan ... En savoir plus\" \/>\n<meta property=\"og:url\" content=\"https:\/\/archiveparkinson.thedev.ca\/fr\/about-us-fr\/plan-strategique\/\" \/>\n<meta property=\"og:site_name\" content=\"Parkinson Canada\" \/>\n<meta property=\"article:publisher\" content=\"https:\/\/www.facebook.com\/parkinsoncanada\/\" \/>\n<meta property=\"article:modified_time\" content=\"2021-01-30T05:23:53+00:00\" \/>\n<meta name=\"twitter:card\" content=\"summary_large_image\" \/>\n<meta name=\"twitter:site\" content=\"@ParkinsonCanada\" \/>\n<meta name=\"twitter:label1\" content=\"Dur\u00e9e de lecture estim\u00e9e\" \/>\n\t<meta name=\"twitter:data1\" content=\"6 minutes\" \/>\n<script type=\"application\/ld+json\" class=\"yoast-schema-graph\">{\"@context\":\"https:\/\/schema.org\",\"@graph\":[{\"@type\":\"WebPage\",\"@id\":\"https:\/\/archiveparkinson.thedev.ca\/fr\/about-us-fr\/plan-strategique\/\",\"url\":\"https:\/\/archiveparkinson.thedev.ca\/fr\/about-us-fr\/plan-strategique\/\",\"name\":\"Plan strat\u00e9gique 2021-2023 - Parkinson Canada\",\"isPartOf\":{\"@id\":\"https:\/\/archiveparkinson.thedev.ca\/#website\"},\"datePublished\":\"2021-01-20T16:03:11+00:00\",\"dateModified\":\"2021-01-30T05:23:53+00:00\",\"breadcrumb\":{\"@id\":\"https:\/\/archiveparkinson.thedev.ca\/fr\/about-us-fr\/plan-strategique\/#breadcrumb\"},\"inLanguage\":\"fr-FR\",\"potentialAction\":[{\"@type\":\"ReadAction\",\"target\":[\"https:\/\/archiveparkinson.thedev.ca\/fr\/about-us-fr\/plan-strategique\/\"]}]},{\"@type\":\"BreadcrumbList\",\"@id\":\"https:\/\/archiveparkinson.thedev.ca\/fr\/about-us-fr\/plan-strategique\/#breadcrumb\",\"itemListElement\":[{\"@type\":\"ListItem\",\"position\":1,\"name\":\"Home\",\"item\":\"https:\/\/archiveparkinson.thedev.ca\/fr\/\"},{\"@type\":\"ListItem\",\"position\":2,\"name\":\"\u00c0 propos de nous\",\"item\":\"https:\/\/archiveparkinson.thedev.ca\/fr\/about-us-fr\/\"},{\"@type\":\"ListItem\",\"position\":3,\"name\":\"Plan strat\u00e9gique 2021-2023\"}]},{\"@type\":\"WebSite\",\"@id\":\"https:\/\/archiveparkinson.thedev.ca\/#website\",\"url\":\"https:\/\/archiveparkinson.thedev.ca\/\",\"name\":\"Parkinson Canada\",\"description\":\"Empowering the Parkinson&#039;s community across Canada\",\"potentialAction\":[{\"@type\":\"SearchAction\",\"target\":{\"@type\":\"EntryPoint\",\"urlTemplate\":\"https:\/\/archiveparkinson.thedev.ca\/?s={search_term_string}\"},\"query-input\":\"required name=search_term_string\"}],\"inLanguage\":\"fr-FR\"}]}<\/script>\n<!-- \/ Yoast SEO plugin. -->","yoast_head_json":{"title":"Plan strat\u00e9gique 2021-2023 - Parkinson Canada","robots":{"index":"noindex","follow":"follow","max-snippet":"max-snippet:-1","max-image-preview":"max-image-preview:large","max-video-preview":"max-video-preview:-1"},"og_locale":"fr_FR","og_type":"article","og_title":"Plan strat\u00e9gique 2021-2023 - Parkinson Canada","og_description":"Les personnes touch\u00e9es par la maladie de Parkinson sont au centre de tout ce que nous faisons.Pr\u00eats \u00e0 tout.Ce plan ... En savoir plus","og_url":"https:\/\/archiveparkinson.thedev.ca\/fr\/about-us-fr\/plan-strategique\/","og_site_name":"Parkinson Canada","article_publisher":"https:\/\/www.facebook.com\/parkinsoncanada\/","article_modified_time":"2021-01-30T05:23:53+00:00","twitter_card":"summary_large_image","twitter_site":"@ParkinsonCanada","twitter_misc":{"Dur\u00e9e de lecture estim\u00e9e":"6 minutes"},"schema":{"@context":"https:\/\/schema.org","@graph":[{"@type":"WebPage","@id":"https:\/\/archiveparkinson.thedev.ca\/fr\/about-us-fr\/plan-strategique\/","url":"https:\/\/archiveparkinson.thedev.ca\/fr\/about-us-fr\/plan-strategique\/","name":"Plan strat\u00e9gique 2021-2023 - Parkinson Canada","isPartOf":{"@id":"https:\/\/archiveparkinson.thedev.ca\/#website"},"datePublished":"2021-01-20T16:03:11+00:00","dateModified":"2021-01-30T05:23:53+00:00","breadcrumb":{"@id":"https:\/\/archiveparkinson.thedev.ca\/fr\/about-us-fr\/plan-strategique\/#breadcrumb"},"inLanguage":"fr-FR","potentialAction":[{"@type":"ReadAction","target":["https:\/\/archiveparkinson.thedev.ca\/fr\/about-us-fr\/plan-strategique\/"]}]},{"@type":"BreadcrumbList","@id":"https:\/\/archiveparkinson.thedev.ca\/fr\/about-us-fr\/plan-strategique\/#breadcrumb","itemListElement":[{"@type":"ListItem","position":1,"name":"Home","item":"https:\/\/archiveparkinson.thedev.ca\/fr\/"},{"@type":"ListItem","position":2,"name":"\u00c0 propos de nous","item":"https:\/\/archiveparkinson.thedev.ca\/fr\/about-us-fr\/"},{"@type":"ListItem","position":3,"name":"Plan strat\u00e9gique 2021-2023"}]},{"@type":"WebSite","@id":"https:\/\/archiveparkinson.thedev.ca\/#website","url":"https:\/\/archiveparkinson.thedev.ca\/","name":"Parkinson Canada","description":"Empowering the Parkinson&#039;s community across Canada","potentialAction":[{"@type":"SearchAction","target":{"@type":"EntryPoint","urlTemplate":"https:\/\/archiveparkinson.thedev.ca\/?s={search_term_string}"},"query-input":"required name=search_term_string"}],"inLanguage":"fr-FR"}]}},"_links":{"self":[{"href":"https:\/\/archiveparkinson.thedev.ca\/fr\/wp-json\/wp\/v2\/pages\/29970"}],"collection":[{"href":"https:\/\/archiveparkinson.thedev.ca\/fr\/wp-json\/wp\/v2\/pages"}],"about":[{"href":"https:\/\/archiveparkinson.thedev.ca\/fr\/wp-json\/wp\/v2\/types\/page"}],"author":[{"embeddable":true,"href":"https:\/\/archiveparkinson.thedev.ca\/fr\/wp-json\/wp\/v2\/users\/66"}],"replies":[{"embeddable":true,"href":"https:\/\/archiveparkinson.thedev.ca\/fr\/wp-json\/wp\/v2\/comments?post=29970"}],"version-history":[{"count":17,"href":"https:\/\/archiveparkinson.thedev.ca\/fr\/wp-json\/wp\/v2\/pages\/29970\/revisions"}],"predecessor-version":[{"id":30141,"href":"https:\/\/archiveparkinson.thedev.ca\/fr\/wp-json\/wp\/v2\/pages\/29970\/revisions\/30141"}],"up":[{"embeddable":true,"href":"https:\/\/archiveparkinson.thedev.ca\/fr\/wp-json\/wp\/v2\/pages\/387"}],"wp:attachment":[{"href":"https:\/\/archiveparkinson.thedev.ca\/fr\/wp-json\/wp\/v2\/media?parent=29970"}],"wp:term":[{"taxonomy":"category","embeddable":true,"href":"https:\/\/archiveparkinson.thedev.ca\/fr\/wp-json\/wp\/v2\/categories?post=29970"}],"curies":[{"name":"wp","href":"https:\/\/api.w.org\/{rel}","templated":true}]}}