{"id":40792,"date":"2022-07-05T13:58:11","date_gmt":"2022-07-05T17:58:11","guid":{"rendered":"https:\/\/www.parkinson.ca\/publications\/a-chaque-victoire-edition-canadienne\/"},"modified":"2024-12-18T13:13:45","modified_gmt":"2024-12-18T18:13:45","slug":"a-chaque-victoire-edition-canadienne","status":"publish","type":"page","link":"https:\/\/archiveparkinson.thedev.ca\/fr\/publications\/a-chaque-victoire-edition-canadienne\/","title":{"rendered":"\u00c0 CHAQUE VICTOIRE\u00ae \u00c9DITION CANADIENNE"},"content":{"rendered":"<p><img loading=\"lazy\" class=\"wp-image-40791 alignleft\" src=\"https:\/\/archiveparkinson.thedev.ca\/wp-content\/uploads\/EVC-Preview-Image-e1689351679243.png\" alt=\"\" width=\"175\" height=\"234\" \/><\/p>\n<p>Parkinson Canada s&rsquo;est associ\u00e9 \u00e0 la <a href=\"https:\/\/davisphinneyfoundation.org\/\" rel=\"nofollow\">Fondation Davis Phinney<\/a> pour publier la premi\u00e8re \u00e9dition en fran\u00e7ais du manuel \u00c0 Chaque Victoire\u00ae \u00e0 l&rsquo;intention des Canadiens touch\u00e9s par la maladie de Parkinson.<\/p>\n<p>Cette \u00e9dition transforme le livre indispensable publi\u00e9 l&rsquo;ann\u00e9e derni\u00e8re, avec des statistiques sp\u00e9cifiques au Canada, des r\u00e9f\u00e9rences aux m\u00e9dicaments approuv\u00e9s par Sant\u00e9 Canada, des informations sur les soins de longue dur\u00e9e, la planification juridique et financi\u00e8re en ce qui concerne les Canadiens <strong>et tout cela en fran\u00e7ais !<\/strong><\/p>\n<p>Les Canadiens atteints de la maladie de Parkinson, leurs partenaires de soins et les familles et amis des personnes atteintes de la maladie de Parkinson veulent des renseignements fiables et pratiques qui les aideront \u00e0 bien vivre avec la maladie de Parkinson. L&rsquo;\u00e9dition canadienne de \u00c0 Chaque Victoire\u00ae est la ressource de r\u00e9f\u00e9rence pour r\u00e9pondre \u00e0 ce besoin.<\/p>\n<p>Gr\u00e2ce aux contributions de 50 m\u00e9decins sp\u00e9cialistes de la maladie de Parkinson, de professionnels param\u00e9dicaux et de Canadiens vivant avec la maladie de Parkinson, cette ressource compl\u00e8te vous donne les outils n\u00e9cessaires pour comprendre votre maladie de Parkinson et prendre votre avenir en main.<\/p>\n<p><a class=\"park-red-btn\" href=\"https:\/\/archiveparkinson.thedev.ca\/?post_type=gated&amp;p=40795&amp;preview=true\" rel=\"noopener\">Obtenez votre livre<\/a><\/p>\n<hr \/>\n<h3>VOICI UN APER\u00c7U DE CE QUE VOUS Y TROUVEREZ :<\/h3>\n<ul>\n<li><strong>Section 1 : Vivre avec la maladie de Parkinson<\/strong>. Une analyse approfondie des sympt\u00f4mes moteurs, \u00e9motionnels, cognitifs et non moteurs autonomes, ainsi qu&rsquo;un examen minutieux des causes, de l&rsquo;\u00e9volution et des types de parkinsonisme et du diagnostic.<\/li>\n<li><strong>Section 2 : Traitements et th\u00e9rapies de la maladie de Parkinson. <\/strong>Explique les m\u00e9dicaments, les traitements et les options chirurgicales disponibles au Canada, en mettant l&rsquo;accent sur l&rsquo;exercice, la nutrition et les th\u00e9rapies alternatives pour vous aider \u00e0 bien vivre.<\/li>\n<li><strong>Section 3 : Bien vivre avec la maladie de Parkinson<\/strong><br \/>\nConsid\u00e9rations relatives aux liens sociaux, \u00e0 la gestion de vos relations et de votre sant\u00e9 \u00e9motionnelle et \u00e0 la planification de vos besoins futurs en mati\u00e8re de finances et de soins.<\/li>\n<\/ul>\n<p><strong>FEUILLES DE TRAVAIL<\/strong><\/p>\n<p>Les feuilles de travail, les listes de contr\u00f4le et les \u00e9valuations de l&rsquo;\u00e9dition canadienne de <em>\u00c0 Chaque Victoire<\/em>\u00ae sont un excellent moyen de vous aider \u00e0 g\u00e9rer votre maladie de Parkinson et d&rsquo;en apprendre davantage sur vous-m\u00eame.<\/p>\n<p>Utilisez-les pour prendre conscience de la chronologie et des caract\u00e9ristiques de vos sympt\u00f4mes, documenter ces sympt\u00f4mes, noter les changements et en discuter avec votre m\u00e9decin. Vous pouvez \u00e9galement enregistrer les progr\u00e8s accomplis dans la r\u00e9alisation de vos objectifs de bien-\u00eatre, tels que l&rsquo;exercice physique et voir o\u00f9 vous en \u00eates et o\u00f9 vous devez aller.<\/p>\n<p>Une fois t\u00e9l\u00e9charg\u00e9s, les documents sont con\u00e7us pour \u00eatre remplis sur votre ordinateur ou votre tablette. Vous pouvez ensuite les imprimer et les emporter lors de votre prochain rendez-vous, entretien ou s\u00e9ance de traitement.<\/p>\n<p><a class=\"park-red-btn\" href=\"https:\/\/archiveparkinson.thedev.ca\/wp-content\/uploads\/EVC-Canada-FR-worksheets-2023-07-11-1.pdf\" rel=\"noopener\">T\u00e9l\u00e9charger les feuilles de travail <\/a><\/p>\n<hr \/>\n<p>Le manuel <em>\u00c0 Chaque Victoire<\/em>\u00ae de la Fondation Davis Phinney est depuis longtemps salu\u00e9 pour sa capacit\u00e9 \u00e0 donner aux gens du monde entier un point d&rsquo;appui apr\u00e8s avoir re\u00e7u leur diagnostic de Parkinson. L&rsquo;\u00e9dition canadienne s&rsquo;appuie sur cette r\u00e9putation et continue d&rsquo;aider les personnes touch\u00e9es par la maladie de Parkinson \u00e0 en apprendre davantage \u00e0 leur propre rythme.<\/p>\n<blockquote><p><em>\u00ab\u00a0Le manuel \u00c0 Chaque Victoire fait partie int\u00e9grante de ma vie. Ce n\u2019est pas un ouvrage qui doit rester sur une \u00e9tag\u00e8re.\u00a0\u00bb \u2013 Jill Ater<\/em><\/p>\n<p><em>\u00ab\u00a0J\u2019aime la perspective fondamentale du manuel, qui consiste \u00e0 donner aux gens les moyens de bien vivre d\u00e8s \u00e0 pr\u00e9sent avec la maladie de Parkinson. Je recommande r\u00e9guli\u00e8rement ce manuel \u00e0 mes patients, que le diagnostic soit r\u00e9cent ou qu\u2019ils vivent avec la maladie de Parkinson depuis des ann\u00e9es.\u00a0\u00bb \u2013 Aaron Hauge, MD<\/em><\/p>\n<p><em>\u00ab\u00a0La publication de l\u2019\u00e9dition canadienne du manuel \u00c0 Chaque Victoire apporte son lot de bonnes et de mauvaises nouvelles. La mauvaise nouvelle, c\u2019est que cela montre que la maladie de Parkinson ne s\u2019arr\u00eate pas aux fronti\u00e8res et ne fait pas de discrimination \u2014 ses r\u00e9percussions sont largement r\u00e9pandues et changent des vies. La bonne nouvelle, cependant, c\u2019est que le manuel contient une mine de renseignements sur la fa\u00e7on de vivre au mieux \u2013 jusqu\u2019au jour o\u00f9 un rem\u00e8de sera d\u00e9couvert.\u00bb \u2013 Larry Linton, Membre du conseil d&rsquo;administration de Parkinson Canada<\/em><\/p><\/blockquote>\n<h3><\/h3>\n<p><strong>Commanditaires<\/strong><\/p>\n<p><img loading=\"lazy\" class=\"alignnone wp-image-37107 size-medium\" src=\"https:\/\/archiveparkinson.thedev.ca\/wp-content\/uploads\/\/Paladin_Bilingual_Logo_4C_Process-300x82.png\" alt=\"Paladin\" width=\"300\" height=\"82\" srcset=\"https:\/\/archiveparkinson.thedev.ca\/wp-content\/uploads\/Paladin_Bilingual_Logo_4C_Process-300x82.png 300w, https:\/\/archiveparkinson.thedev.ca\/wp-content\/uploads\/Paladin_Bilingual_Logo_4C_Process-700x192.png 700w, https:\/\/archiveparkinson.thedev.ca\/wp-content\/uploads\/Paladin_Bilingual_Logo_4C_Process-150x41.png 150w, https:\/\/archiveparkinson.thedev.ca\/wp-content\/uploads\/Paladin_Bilingual_Logo_4C_Process-768x210.png 768w, https:\/\/archiveparkinson.thedev.ca\/wp-content\/uploads\/Paladin_Bilingual_Logo_4C_Process-1536x421.png 1536w, https:\/\/archiveparkinson.thedev.ca\/wp-content\/uploads\/Paladin_Bilingual_Logo_4C_Process-2048x561.png 2048w, https:\/\/archiveparkinson.thedev.ca\/wp-content\/uploads\/Paladin_Bilingual_Logo_4C_Process-100x27.png 100w, https:\/\/archiveparkinson.thedev.ca\/wp-content\/uploads\/Paladin_Bilingual_Logo_4C_Process-890x244.png 890w, https:\/\/archiveparkinson.thedev.ca\/wp-content\/uploads\/Paladin_Bilingual_Logo_4C_Process-1264x346.png 1264w\" sizes=\"(max-width: 300px) 100vw, 300px\" \/>\u00a0 \u00a0 \u00a0 \u00a0 \u00a0 <img loading=\"lazy\" class=\"alignnone wp-image-36624 size-medium\" src=\"https:\/\/archiveparkinson.thedev.ca\/wp-content\/uploads\/\/MERZ-THERAPEUTICS-Logo-VC-horizontal-WO-tagline-2000Px-300x62.jpg\" alt=\"Merz Therapeutics\" width=\"300\" height=\"62\" srcset=\"https:\/\/archiveparkinson.thedev.ca\/wp-content\/uploads\/MERZ-THERAPEUTICS-Logo-VC-horizontal-WO-tagline-2000Px-300x62.jpg 300w, https:\/\/archiveparkinson.thedev.ca\/wp-content\/uploads\/MERZ-THERAPEUTICS-Logo-VC-horizontal-WO-tagline-2000Px-700x146.jpg 700w, https:\/\/archiveparkinson.thedev.ca\/wp-content\/uploads\/MERZ-THERAPEUTICS-Logo-VC-horizontal-WO-tagline-2000Px-150x31.jpg 150w, https:\/\/archiveparkinson.thedev.ca\/wp-content\/uploads\/MERZ-THERAPEUTICS-Logo-VC-horizontal-WO-tagline-2000Px-768x160.jpg 768w, https:\/\/archiveparkinson.thedev.ca\/wp-content\/uploads\/MERZ-THERAPEUTICS-Logo-VC-horizontal-WO-tagline-2000Px-1536x319.jpg 1536w, https:\/\/archiveparkinson.thedev.ca\/wp-content\/uploads\/MERZ-THERAPEUTICS-Logo-VC-horizontal-WO-tagline-2000Px-100x21.jpg 100w, https:\/\/archiveparkinson.thedev.ca\/wp-content\/uploads\/MERZ-THERAPEUTICS-Logo-VC-horizontal-WO-tagline-2000Px-890x185.jpg 890w, https:\/\/archiveparkinson.thedev.ca\/wp-content\/uploads\/MERZ-THERAPEUTICS-Logo-VC-horizontal-WO-tagline-2000Px-1264x263.jpg 1264w, https:\/\/archiveparkinson.thedev.ca\/wp-content\/uploads\/MERZ-THERAPEUTICS-Logo-VC-horizontal-WO-tagline-2000Px.jpg 2000w\" sizes=\"(max-width: 300px) 100vw, 300px\" \/>\u00a0 \u00a0 \u00a0 \u00a0 <img loading=\"lazy\" class=\"alignnone wp-image-38837 size-medium\" src=\"https:\/\/archiveparkinson.thedev.ca\/wp-content\/uploads\/\/AbbVieLogo_Preferred_CoatedPMS-300x52.jpg\" alt=\"Abbvie logo\" width=\"300\" height=\"52\" srcset=\"https:\/\/archiveparkinson.thedev.ca\/wp-content\/uploads\/AbbVieLogo_Preferred_CoatedPMS-300x52.jpg 300w, https:\/\/archiveparkinson.thedev.ca\/wp-content\/uploads\/AbbVieLogo_Preferred_CoatedPMS-700x122.jpg 700w, https:\/\/archiveparkinson.thedev.ca\/wp-content\/uploads\/AbbVieLogo_Preferred_CoatedPMS-150x26.jpg 150w, https:\/\/archiveparkinson.thedev.ca\/wp-content\/uploads\/AbbVieLogo_Preferred_CoatedPMS-768x134.jpg 768w, https:\/\/archiveparkinson.thedev.ca\/wp-content\/uploads\/AbbVieLogo_Preferred_CoatedPMS-1536x267.jpg 1536w, https:\/\/archiveparkinson.thedev.ca\/wp-content\/uploads\/AbbVieLogo_Preferred_CoatedPMS-2048x356.jpg 2048w, https:\/\/archiveparkinson.thedev.ca\/wp-content\/uploads\/AbbVieLogo_Preferred_CoatedPMS-100x17.jpg 100w, https:\/\/archiveparkinson.thedev.ca\/wp-content\/uploads\/AbbVieLogo_Preferred_CoatedPMS-890x155.jpg 890w, https:\/\/archiveparkinson.thedev.ca\/wp-content\/uploads\/AbbVieLogo_Preferred_CoatedPMS-1264x220.jpg 1264w\" sizes=\"(max-width: 300px) 100vw, 300px\" \/><\/p>\n","protected":false},"excerpt":{"rendered":"<p>Parkinson Canada s&rsquo;est associ\u00e9 \u00e0 la Fondation Davis Phinney pour publier la premi\u00e8re \u00e9dition en fran\u00e7ais du manuel \u00c0 Chaque &#8230; <a href=\"https:\/\/archiveparkinson.thedev.ca\/fr\/publications\/a-chaque-victoire-edition-canadienne\/\" class=\"more-link\">En savoir plus<\/a><\/p>\n","protected":false},"author":90,"featured_media":37254,"parent":14646,"menu_order":0,"comment_status":"closed","ping_status":"closed","template":"","meta":[],"categories":[262],"yoast_head":"<!-- This site is optimized with the Yoast SEO plugin v20.6 - https:\/\/yoast.com\/wordpress\/plugins\/seo\/ -->\n<title>\u00c0 CHAQUE VICTOIRE\u00ae \u00c9DITION CANADIENNE - Parkinson Canada<\/title>\n<meta name=\"description\" content=\"Parkinson Canada s&#039;est associ\u00e9 \u00e0 la Fondation Davis Phinney pour publier la premi\u00e8re \u00e9dition en fran\u00e7ais du manuel \u00c0 Chaque Victoire\u00ae \u00e0 l&#039;intention des Canadiens touch\u00e9s par la maladie de Parkinson.\" \/>\n<meta name=\"robots\" content=\"noindex, follow, max-snippet:-1, max-image-preview:large, max-video-preview:-1\" \/>\n<meta property=\"og:locale\" content=\"fr_FR\" \/>\n<meta property=\"og:type\" content=\"article\" \/>\n<meta property=\"og:title\" content=\"\u00c0 CHAQUE VICTOIRE\u00ae \u00c9DITION CANADIENNE - Parkinson Canada\" \/>\n<meta property=\"og:description\" content=\"Parkinson Canada s&#039;est associ\u00e9 \u00e0 la Fondation Davis Phinney pour publier la premi\u00e8re \u00e9dition en fran\u00e7ais du manuel \u00c0 Chaque Victoire\u00ae \u00e0 l&#039;intention des Canadiens touch\u00e9s par la maladie de Parkinson.\" \/>\n<meta property=\"og:url\" content=\"https:\/\/archiveparkinson.thedev.ca\/fr\/publications\/a-chaque-victoire-edition-canadienne\/\" \/>\n<meta property=\"og:site_name\" content=\"Parkinson Canada\" \/>\n<meta property=\"article:publisher\" content=\"https:\/\/www.facebook.com\/parkinsoncanada\/\" \/>\n<meta property=\"article:modified_time\" content=\"2024-12-18T18:13:45+00:00\" \/>\n<meta property=\"og:image\" content=\"https:\/\/archiveparkinson.thedev.ca\/wp-content\/uploads\/EVC-Home-Image-1.jpg\" \/>\n\t<meta property=\"og:image:width\" content=\"1280\" \/>\n\t<meta property=\"og:image:height\" content=\"720\" \/>\n\t<meta property=\"og:image:type\" content=\"image\/jpeg\" \/>\n<meta name=\"twitter:card\" content=\"summary_large_image\" \/>\n<meta name=\"twitter:site\" content=\"@ParkinsonCanada\" \/>\n<meta name=\"twitter:label1\" content=\"Dur\u00e9e de lecture estim\u00e9e\" \/>\n\t<meta name=\"twitter:data1\" content=\"4 minutes\" \/>\n<script type=\"application\/ld+json\" class=\"yoast-schema-graph\">{\"@context\":\"https:\/\/schema.org\",\"@graph\":[{\"@type\":\"WebPage\",\"@id\":\"https:\/\/archiveparkinson.thedev.ca\/fr\/publications\/a-chaque-victoire-edition-canadienne\/\",\"url\":\"https:\/\/archiveparkinson.thedev.ca\/fr\/publications\/a-chaque-victoire-edition-canadienne\/\",\"name\":\"\u00c0 CHAQUE VICTOIRE\u00ae \u00c9DITION CANADIENNE - Parkinson Canada\",\"isPartOf\":{\"@id\":\"https:\/\/archiveparkinson.thedev.ca\/#website\"},\"datePublished\":\"2022-07-05T17:58:11+00:00\",\"dateModified\":\"2024-12-18T18:13:45+00:00\",\"description\":\"Parkinson Canada s'est associ\u00e9 \u00e0 la Fondation Davis Phinney pour publier la premi\u00e8re \u00e9dition en fran\u00e7ais du manuel \u00c0 Chaque Victoire\u00ae \u00e0 l'intention des Canadiens touch\u00e9s par la maladie de Parkinson.\",\"breadcrumb\":{\"@id\":\"https:\/\/archiveparkinson.thedev.ca\/fr\/publications\/a-chaque-victoire-edition-canadienne\/#breadcrumb\"},\"inLanguage\":\"fr-FR\",\"potentialAction\":[{\"@type\":\"ReadAction\",\"target\":[\"https:\/\/archiveparkinson.thedev.ca\/fr\/publications\/a-chaque-victoire-edition-canadienne\/\"]}]},{\"@type\":\"BreadcrumbList\",\"@id\":\"https:\/\/archiveparkinson.thedev.ca\/fr\/publications\/a-chaque-victoire-edition-canadienne\/#breadcrumb\",\"itemListElement\":[{\"@type\":\"ListItem\",\"position\":1,\"name\":\"Home\",\"item\":\"https:\/\/archiveparkinson.thedev.ca\/fr\/\"},{\"@type\":\"ListItem\",\"position\":2,\"name\":\"Publications\",\"item\":\"https:\/\/archiveparkinson.thedev.ca\/fr\/publications\/\"},{\"@type\":\"ListItem\",\"position\":3,\"name\":\"\u00c0 CHAQUE VICTOIRE\u00ae \u00c9DITION CANADIENNE\"}]},{\"@type\":\"WebSite\",\"@id\":\"https:\/\/archiveparkinson.thedev.ca\/#website\",\"url\":\"https:\/\/archiveparkinson.thedev.ca\/\",\"name\":\"Parkinson Canada\",\"description\":\"Empowering the Parkinson&#039;s community across Canada\",\"potentialAction\":[{\"@type\":\"SearchAction\",\"target\":{\"@type\":\"EntryPoint\",\"urlTemplate\":\"https:\/\/archiveparkinson.thedev.ca\/?s={search_term_string}\"},\"query-input\":\"required name=search_term_string\"}],\"inLanguage\":\"fr-FR\"}]}<\/script>\n<!-- \/ Yoast SEO plugin. -->","yoast_head_json":{"title":"\u00c0 CHAQUE VICTOIRE\u00ae \u00c9DITION CANADIENNE - Parkinson Canada","description":"Parkinson Canada s'est associ\u00e9 \u00e0 la Fondation Davis Phinney pour publier la premi\u00e8re \u00e9dition en fran\u00e7ais du manuel \u00c0 Chaque Victoire\u00ae \u00e0 l'intention des Canadiens touch\u00e9s par la maladie de Parkinson.","robots":{"index":"noindex","follow":"follow","max-snippet":"max-snippet:-1","max-image-preview":"max-image-preview:large","max-video-preview":"max-video-preview:-1"},"og_locale":"fr_FR","og_type":"article","og_title":"\u00c0 CHAQUE VICTOIRE\u00ae \u00c9DITION CANADIENNE - Parkinson Canada","og_description":"Parkinson Canada s'est associ\u00e9 \u00e0 la Fondation Davis Phinney pour publier la premi\u00e8re \u00e9dition en fran\u00e7ais du manuel \u00c0 Chaque Victoire\u00ae \u00e0 l'intention des Canadiens touch\u00e9s par la maladie de Parkinson.","og_url":"https:\/\/archiveparkinson.thedev.ca\/fr\/publications\/a-chaque-victoire-edition-canadienne\/","og_site_name":"Parkinson Canada","article_publisher":"https:\/\/www.facebook.com\/parkinsoncanada\/","article_modified_time":"2024-12-18T18:13:45+00:00","og_image":[{"width":1280,"height":720,"url":"https:\/\/archiveparkinson.thedev.ca\/wp-content\/uploads\/EVC-Home-Image-1.jpg","type":"image\/jpeg"}],"twitter_card":"summary_large_image","twitter_site":"@ParkinsonCanada","twitter_misc":{"Dur\u00e9e de lecture estim\u00e9e":"4 minutes"},"schema":{"@context":"https:\/\/schema.org","@graph":[{"@type":"WebPage","@id":"https:\/\/archiveparkinson.thedev.ca\/fr\/publications\/a-chaque-victoire-edition-canadienne\/","url":"https:\/\/archiveparkinson.thedev.ca\/fr\/publications\/a-chaque-victoire-edition-canadienne\/","name":"\u00c0 CHAQUE VICTOIRE\u00ae \u00c9DITION CANADIENNE - Parkinson Canada","isPartOf":{"@id":"https:\/\/archiveparkinson.thedev.ca\/#website"},"datePublished":"2022-07-05T17:58:11+00:00","dateModified":"2024-12-18T18:13:45+00:00","description":"Parkinson Canada s'est associ\u00e9 \u00e0 la Fondation Davis Phinney pour publier la premi\u00e8re \u00e9dition en fran\u00e7ais du manuel \u00c0 Chaque Victoire\u00ae \u00e0 l'intention des Canadiens touch\u00e9s par la maladie de Parkinson.","breadcrumb":{"@id":"https:\/\/archiveparkinson.thedev.ca\/fr\/publications\/a-chaque-victoire-edition-canadienne\/#breadcrumb"},"inLanguage":"fr-FR","potentialAction":[{"@type":"ReadAction","target":["https:\/\/archiveparkinson.thedev.ca\/fr\/publications\/a-chaque-victoire-edition-canadienne\/"]}]},{"@type":"BreadcrumbList","@id":"https:\/\/archiveparkinson.thedev.ca\/fr\/publications\/a-chaque-victoire-edition-canadienne\/#breadcrumb","itemListElement":[{"@type":"ListItem","position":1,"name":"Home","item":"https:\/\/archiveparkinson.thedev.ca\/fr\/"},{"@type":"ListItem","position":2,"name":"Publications","item":"https:\/\/archiveparkinson.thedev.ca\/fr\/publications\/"},{"@type":"ListItem","position":3,"name":"\u00c0 CHAQUE VICTOIRE\u00ae \u00c9DITION CANADIENNE"}]},{"@type":"WebSite","@id":"https:\/\/archiveparkinson.thedev.ca\/#website","url":"https:\/\/archiveparkinson.thedev.ca\/","name":"Parkinson Canada","description":"Empowering the Parkinson&#039;s community across Canada","potentialAction":[{"@type":"SearchAction","target":{"@type":"EntryPoint","urlTemplate":"https:\/\/archiveparkinson.thedev.ca\/?s={search_term_string}"},"query-input":"required name=search_term_string"}],"inLanguage":"fr-FR"}]}},"_links":{"self":[{"href":"https:\/\/archiveparkinson.thedev.ca\/fr\/wp-json\/wp\/v2\/pages\/40792"}],"collection":[{"href":"https:\/\/archiveparkinson.thedev.ca\/fr\/wp-json\/wp\/v2\/pages"}],"about":[{"href":"https:\/\/archiveparkinson.thedev.ca\/fr\/wp-json\/wp\/v2\/types\/page"}],"author":[{"embeddable":true,"href":"https:\/\/archiveparkinson.thedev.ca\/fr\/wp-json\/wp\/v2\/users\/90"}],"replies":[{"embeddable":true,"href":"https:\/\/archiveparkinson.thedev.ca\/fr\/wp-json\/wp\/v2\/comments?post=40792"}],"version-history":[{"count":7,"href":"https:\/\/archiveparkinson.thedev.ca\/fr\/wp-json\/wp\/v2\/pages\/40792\/revisions"}],"predecessor-version":[{"id":43987,"href":"https:\/\/archiveparkinson.thedev.ca\/fr\/wp-json\/wp\/v2\/pages\/40792\/revisions\/43987"}],"up":[{"embeddable":true,"href":"https:\/\/archiveparkinson.thedev.ca\/fr\/wp-json\/wp\/v2\/pages\/14646"}],"wp:featuredmedia":[{"embeddable":true,"href":"https:\/\/archiveparkinson.thedev.ca\/fr\/wp-json\/wp\/v2\/media\/37254"}],"wp:attachment":[{"href":"https:\/\/archiveparkinson.thedev.ca\/fr\/wp-json\/wp\/v2\/media?parent=40792"}],"wp:term":[{"taxonomy":"category","embeddable":true,"href":"https:\/\/archiveparkinson.thedev.ca\/fr\/wp-json\/wp\/v2\/categories?post=40792"}],"curies":[{"name":"wp","href":"https:\/\/api.w.org\/{rel}","templated":true}]}}